{"id":66,"date":"2025-04-21T12:38:58","date_gmt":"2025-04-21T10:38:58","guid":{"rendered":"https:\/\/musikvereinsoergenloch.de\/?page_id=66"},"modified":"2025-04-28T13:09:14","modified_gmt":"2025-04-28T11:09:14","slug":"mitglied-werdeb","status":"publish","type":"page","link":"https:\/\/musikvereinsoergenloch.de\/?page_id=66","title":{"rendered":"Mitglied werden"},"content":{"rendered":"\n<div class=\"wp-block-columns is-layout-flex wp-container-core-columns-is-layout-9d6595d7 wp-block-columns-is-layout-flex\">\n<div class=\"wp-block-column is-layout-flow wp-block-column-is-layout-flow\" style=\"flex-basis:25%\"><\/div>\n\n\n\n<div class=\"wp-block-column is-layout-flow wp-block-column-is-layout-flow\" style=\"flex-basis:50%\">\n<p class=\"has-text-align-center\" style=\"font-size:23px\">Du m\u00f6chtest uns mit einem j\u00e4hrlichen Beitrag unterst\u00fctzen?<\/p>\n\n\n\n<p class=\"has-text-align-center\" style=\"font-size:23px\">Folgende M\u00f6glichkeiten stehen dir zur Verf\u00fcgung: <\/p>\n<\/div>\n\n\n\n<div class=\"wp-block-column is-layout-flow wp-block-column-is-layout-flow\" style=\"flex-basis:25%\"><\/div>\n<\/div>\n\n\n\n<div id=\"wp-block-themeisle-blocks-advanced-columns-b4146d26\" class=\"wp-block-themeisle-blocks-advanced-columns alignfull has-3-columns has-desktop-equal-layout has-tablet-equal-layout has-mobile-collapsedRows-layout has-vertical-center ticss-c00aadba\"><div class=\"wp-block-themeisle-blocks-advanced-columns-overlay\"><\/div><div class=\"innerblocks-wrap\">\n<div id=\"wp-block-themeisle-blocks-advanced-column-18fe4a0a\" class=\"wp-block-themeisle-blocks-advanced-column\">\n<h2 class=\"wp-block-heading has-text-align-center\">F\u00f6rdermitgliedschaft<\/h2>\n\n\n\n<p class=\"has-text-align-center\">F\u00f6rdermitglieder sind nicht aktiv als Musiker t\u00e4tig, unterst\u00fctzen den Musikverein jedoch mit einem j\u00e4hrlichen Beitrag von 15 EUR.<\/p>\n\n\n\n<div class=\"wp-block-buttons is-vertical is-content-justification-center is-layout-flex wp-container-core-buttons-is-layout-cc3cdef1 wp-block-buttons-is-layout-flex\">\n<div class=\"wp-block-button is-style-fill\"><a class=\"wp-block-button__link has-white-color has-cyan-bluish-gray-background-color has-text-color has-background has-link-color wp-element-button\" href=\"https:\/\/drive.google.com\/file\/d\/1RSWXsFJ2FsHVPtShElqCljUqU2mQ9hi1\/view?usp=sharing\" target=\"_blank\" rel=\"noreferrer noopener\">Jetzt F\u00f6rdermitglied werden<\/a><\/div>\n<\/div>\n<\/div>\n\n\n\n<div id=\"wp-block-themeisle-blocks-advanced-column-b86925fa\" class=\"wp-block-themeisle-blocks-advanced-column\">\n<h2 class=\"wp-block-heading has-text-align-center\">Partnerbeitrag<\/h2>\n\n\n\n<p class=\"has-text-align-center\">Dein Partner \/ deine Partnerin ist bereits Mitglied im Musikverein? Dann betr\u00e4gt deine F\u00f6rdermitgliedschaft nur 5 EUR im Jahr.<\/p>\n\n\n\n<div class=\"wp-block-buttons is-vertical is-content-justification-center is-layout-flex wp-container-core-buttons-is-layout-cc3cdef1 wp-block-buttons-is-layout-flex\">\n<div class=\"wp-block-button\"><a class=\"wp-block-button__link has-white-color has-cyan-bluish-gray-background-color has-text-color has-background has-link-color wp-element-button\" href=\"https:\/\/drive.google.com\/file\/d\/1RSWXsFJ2FsHVPtShElqCljUqU2mQ9hi1\/view?usp=sharing\" target=\"_blank\" rel=\"noreferrer noopener\">Jetzt Partner-Mitgliedschaft abschlie\u00dfen<\/a><\/div>\n<\/div>\n<\/div>\n\n\n\n<div id=\"wp-block-themeisle-blocks-advanced-column-d194c3b0\" class=\"wp-block-themeisle-blocks-advanced-column\">\n<h2 class=\"wp-block-heading has-text-align-center\">Aktive Mitgliedschaft<\/h2>\n\n\n\n<p class=\"has-text-align-center\">Du bist als aktiver Musiker oder Musikerin im Musikverein t\u00e4tig. Dein j\u00e4hrlicher Beitrag betr\u00e4gt aktuell 120 EUR.<\/p>\n\n\n\n<div class=\"wp-block-buttons is-vertical is-content-justification-center is-layout-flex wp-container-core-buttons-is-layout-cc3cdef1 wp-block-buttons-is-layout-flex\">\n<div class=\"wp-block-button is-style-fill\"><a class=\"wp-block-button__link has-white-color has-cyan-bluish-gray-background-color has-text-color has-background has-link-color wp-element-button\" href=\"https:\/\/drive.google.com\/file\/d\/1RSWXsFJ2FsHVPtShElqCljUqU2mQ9hi1\/view?usp=sharing\" target=\"_blank\" rel=\"noreferrer noopener\">Jetzt aktives Mitglied werden<\/a><\/div>\n<\/div>\n<\/div>\n<\/div><\/div>\n\n\n\n<div class=\"wp-block-columns is-layout-flex wp-container-core-columns-is-layout-9d6595d7 wp-block-columns-is-layout-flex\">\n<div class=\"wp-block-column is-layout-flow wp-block-column-is-layout-flow\" style=\"flex-basis:25%\"><\/div>\n\n\n\n<div class=\"wp-block-column is-layout-flow wp-block-column-is-layout-flow\" style=\"flex-basis:50%\">\n<p class=\"has-text-align-center\" style=\"font-size:21px\">Du hast Fragen zur Mitgliedschaft? <\/p>\n\n\n\n<p class=\"has-text-align-center\" style=\"font-size:21px\">Dann melde dich gerne bei unserer Kassiererin Anna Vogelsang:<\/p>\n\n\n\n<div id=\"wp-block-themeisle-blocks-font-awesome-icons-738b0e29\" class=\"wp-block-themeisle-blocks-font-awesome-icons\"><span class=\"wp-block-themeisle-blocks-font-awesome-icons-container\"><i class=\"fas fa-mail-bulk\"><\/i><\/span><\/div>\n\n\n\n<div class=\"wp-block-buttons alignwide is-content-justification-center is-layout-flex wp-container-core-buttons-is-layout-16018d1d wp-block-buttons-is-layout-flex\">\n<div class=\"wp-block-button\"><a class=\"wp-block-button__link has-black-color has-cyan-bluish-gray-background-color has-text-color has-background has-link-color wp-element-button\">info@musikvereinsoergenloch.de<\/a><\/div>\n<\/div>\n<\/div>\n\n\n\n<div class=\"wp-block-column is-layout-flow wp-block-column-is-layout-flow\" style=\"flex-basis:25%\"><\/div>\n<\/div>\n\n\n\n<hr class=\"wp-block-separator has-alpha-channel-opacity\"\/>\n\n\n\n<figure class=\"wp-block-image size-large\"><img loading=\"lazy\" decoding=\"async\" width=\"1024\" height=\"461\" src=\"https:\/\/musikvereinsoergenloch.de\/wp-content\/uploads\/2025\/04\/IMG_4202-1024x461.jpg\" alt=\"\" class=\"wp-image-175\" srcset=\"https:\/\/musikvereinsoergenloch.de\/wp-content\/uploads\/2025\/04\/IMG_4202-1024x461.jpg 1024w, https:\/\/musikvereinsoergenloch.de\/wp-content\/uploads\/2025\/04\/IMG_4202-300x135.jpg 300w, https:\/\/musikvereinsoergenloch.de\/wp-content\/uploads\/2025\/04\/IMG_4202-768x346.jpg 768w, https:\/\/musikvereinsoergenloch.de\/wp-content\/uploads\/2025\/04\/IMG_4202-1536x692.jpg 1536w, https:\/\/musikvereinsoergenloch.de\/wp-content\/uploads\/2025\/04\/IMG_4202.jpg 2048w\" sizes=\"auto, (max-width: 1024px) 100vw, 1024px\" \/><\/figure>\n\n\n\n<hr class=\"wp-block-separator has-alpha-channel-opacity\"\/>\n\n\n\n<p class=\"has-text-align-center\" style=\"font-size:23px\">Unsere Vereinssatzung findest du hier:<\/p>\n\n\n\n<div class=\"wp-block-buttons is-content-justification-center is-layout-flex wp-container-core-buttons-is-layout-16018d1d wp-block-buttons-is-layout-flex\">\n<div class=\"wp-block-button\"><a class=\"wp-block-button__link has-white-color has-cyan-bluish-gray-background-color has-text-color has-background has-link-color wp-element-button\" href=\"https:\/\/drive.google.com\/file\/d\/14Ud4RPeONkpUafjUjT5eA3kT_XL-FPi3\/view?usp=sharing\" target=\"_blank\" rel=\"noreferrer noopener\">Satzung Musikverein S\u00f6rgenloch 1921 e.V.<\/a><\/div>\n<\/div>\n\n\n\n<p><\/p>\n","protected":false},"excerpt":{"rendered":"<p>Du m\u00f6chtest uns mit einem j\u00e4hrlichen Beitrag unterst\u00fctzen? Folgende M\u00f6glichkeiten stehen dir zur Verf\u00fcgung: Du hast Fragen zur Mitgliedschaft? Dann melde dich gerne bei unserer Kassiererin Anna Vogelsang: Unsere Vereinssatzung findest du hier:<\/p>\n","protected":false},"author":1,"featured_media":0,"parent":0,"menu_order":0,"comment_status":"closed","ping_status":"closed","template":"","meta":{"_themeisle_gutenberg_block_has_review":false,"footnotes":""},"class_list":["post-66","page","type-page","status-publish","hentry","entry"],"_links":{"self":[{"href":"https:\/\/musikvereinsoergenloch.de\/index.php?rest_route=\/wp\/v2\/pages\/66","targetHints":{"allow":["GET"]}}],"collection":[{"href":"https:\/\/musikvereinsoergenloch.de\/index.php?rest_route=\/wp\/v2\/pages"}],"about":[{"href":"https:\/\/musikvereinsoergenloch.de\/index.php?rest_route=\/wp\/v2\/types\/page"}],"author":[{"embeddable":true,"href":"https:\/\/musikvereinsoergenloch.de\/index.php?rest_route=\/wp\/v2\/users\/1"}],"replies":[{"embeddable":true,"href":"https:\/\/musikvereinsoergenloch.de\/index.php?rest_route=%2Fwp%2Fv2%2Fcomments&post=66"}],"version-history":[{"count":16,"href":"https:\/\/musikvereinsoergenloch.de\/index.php?rest_route=\/wp\/v2\/pages\/66\/revisions"}],"predecessor-version":[{"id":220,"href":"https:\/\/musikvereinsoergenloch.de\/index.php?rest_route=\/wp\/v2\/pages\/66\/revisions\/220"}],"wp:attachment":[{"href":"https:\/\/musikvereinsoergenloch.de\/index.php?rest_route=%2Fwp%2Fv2%2Fmedia&parent=66"}],"curies":[{"name":"wp","href":"https:\/\/api.w.org\/{rel}","templated":true}]}}